{"id":1670,"date":"2021-08-18T22:08:05","date_gmt":"2021-08-18T21:08:05","guid":{"rendered":"https:\/\/peques.co.uk\/sobre-nosotros\/"},"modified":"2024-05-16T09:16:29","modified_gmt":"2024-05-16T08:16:29","slug":"sobre-nosotros","status":"publish","type":"page","link":"https:\/\/peques.co.uk\/es\/sobre-nosotros\/","title":{"rendered":"Nosotros"},"content":{"rendered":"<p>[vc_row css_animation=\u00bb\u00bb row_type=\u00bbrow\u00bb use_row_as_full_screen_section=\u00bbno\u00bb type=\u00bbgrid\u00bb angled_section=\u00bbno\u00bb text_align=\u00bbleft\u00bb background_image_as_pattern=\u00bbwithout_pattern\u00bb css=\u00bb.vc_custom_1667440141283{padding-top: 30px !important;padding-bottom: 25px !important;}\u00bb z_index=\u00bb\u00bb][vc_column width=\u00bb1\/2&#8243;][vc_single_image image=\u00bb1168&#8243; img_size=\u00bblarge\u00bb style=\u00bbvc_box_rounded\u00bb qode_css_animation=\u00bb\u00bb][\/vc_column][vc_column width=\u00bb1\/2&#8243;][vc_column_text css=\u00bb.vc_custom_1715847385649{padding-top: 20px !important;padding-right: 30px !important;padding-bottom: 20px !important;padding-left: 30px !important;}\u00bb]<\/p>\n<h3 style=\"text-align: center;\">25 a\u00f1os formando a una generaci\u00f3n internacional<\/h3>\n<p>&nbsp;<\/p>\n<p>Peques se fund\u00f3 en septiembre de 1999 como una peque\u00f1a guarder\u00eda profesional en Fulham. Desde entonces, ha crecido en dos entornos y sigue una pol\u00edtica de mejora progresiva, evolucionando con los tiempos. Ambas guarder\u00edas son centros de d\u00eda completo multiling\u00fces que imparten la Early Years Foundation Stage en ingl\u00e9s, espa\u00f1ol y mandar\u00edn, al tiempo que practican la misma \u00e9tica y filosof\u00eda.[\/vc_column_text]<a  itemprop=\"url\" href=\"\/es\/peques-fulham-broadway\/\" target=\"_self\"  class=\"qbutton  small center default\" style=\"margin: 10px 0px 10px 10px; \">Peques Fulham Broadway<\/a><a  itemprop=\"url\" href=\"\/es\/peques-fulham-broadway\/peques-parsons-green\/\" target=\"_self\"  class=\"qbutton  small center default\" style=\"margin: 10px 0px 10px 10px; \">Peques Parsons Green<\/a>[\/vc_column][\/vc_row][vc_row css_animation=\u00bb\u00bb row_type=\u00bbrow\u00bb use_row_as_full_screen_section=\u00bbno\u00bb type=\u00bbgrid\u00bb angled_section=\u00bbno\u00bb text_align=\u00bbleft\u00bb background_image_as_pattern=\u00bbwithout_pattern\u00bb css=\u00bb.vc_custom_1658273351852{padding-top: 20px !important;padding-bottom: 20px !important;}\u00bb z_index=\u00bb\u00bb][vc_column width=\u00bb1\/2&#8243;][vc_column_text css=\u00bb.vc_custom_1671320430687{padding-top: 20px !important;padding-right: 30px !important;padding-bottom: 20px !important;padding-left: 30px !important;}\u00bb]<\/p>\n<h3 style=\"text-align: center;\">\u00abNuestra visi\u00f3n es un mundo en el que se anime a los ni\u00f1os a liberar su potencial interior, a florecer desde dentro y a liderar el camino &#8230;&#8230;\u00bb<\/h3>\n<p style=\"text-align: center;\">Los ni\u00f1os son protagonistas de su propio futuro, nosotros como profesores somos meros facilitadores.<\/p>\n<p>[\/vc_column_text][vc_empty_space][\/vc_column][vc_column width=\u00bb1\/2&#8243;][vc_single_image image=\u00bb1239&#8243; img_size=\u00bblarge\u00bb style=\u00bbvc_box_rounded\u00bb qode_css_animation=\u00bb\u00bb][\/vc_column][\/vc_row][vc_row css_animation=\u00bb\u00bb row_type=\u00bbrow\u00bb use_row_as_full_screen_section=\u00bbno\u00bb type=\u00bbgrid\u00bb angled_section=\u00bbno\u00bb text_align=\u00bbleft\u00bb background_image_as_pattern=\u00bbwithout_pattern\u00bb css=\u00bb.vc_custom_1658273397875{padding-top: 20px !important;padding-bottom: 20px !important;}\u00bb z_index=\u00bb\u00bb padding_top=\u00bb20px\u00bb padding_bottom=\u00bb20px\u00bb][vc_column][qode_elements_holder number_of_columns=\u00bbtwo_columns\u00bb columns_proportion=\u00bb75_25&#8243;][qode_elements_holder_item advanced_animations=\u00bbno\u00bb][vc_column_text]<\/p>\n<h4 style=\"text-align: center;\"><strong>Nuestra misi\u00f3n es proporcionar un entorno seguro para satisfacer las necesidades de desarrollo social, emocional y f\u00edsico de los ni\u00f1os de nuestros centros.<\/strong><\/h4>\n<p style=\"text-align: center;\">Reconocemos que los padres son los primeros educadores de los ni\u00f1os y trabajamos en colaboraci\u00f3n con ellos en todos los aspectos de su educaci\u00f3n infantil.<\/p>\n<p style=\"text-align: center;\">Consideramos que la educaci\u00f3n de un ni\u00f1o no es exclusiva de su entorno familiar o escolar y, por tanto, adoptamos un enfoque hol\u00edstico para incluir todos los aspectos de sus experiencias de aprendizaje.<\/p>\n<p style=\"text-align: center;\">Reconocemos plenamente nuestros propios or\u00edgenes y respetamos la dignidad de nuestros hijos y sus diversas costumbres y culturas. S\u00f3lo si miramos a nuestras propias ra\u00edces con amor, podremos ense\u00f1ar a nuestros hijos a crear su propio camino y a mirar hacia el futuro con confianza.<\/p>\n<p>[\/vc_column_text][\/qode_elements_holder_item][\/qode_elements_holder][\/vc_column][\/vc_row][vc_row css_animation=\u00bb\u00bb row_type=\u00bbrow\u00bb use_row_as_full_screen_section=\u00bbno\u00bb type=\u00bbfull_width\u00bb angled_section=\u00bbno\u00bb text_align=\u00bbleft\u00bb background_image_as_pattern=\u00bbwithout_pattern\u00bb z_index=\u00bb\u00bb css=\u00bb.vc_custom_1658273205996{padding-top: 25px !important;padding-bottom: 25px !important;}\u00bb][vc_column]<div class=\"qode-advanced-call-to-action qode-advanced-cta-gradient qode-advanced-cta-gradient-animation\" style=\"height:200px\">\n\t<a class=\"advanced-cta-link anchor\" href=\"http:\/\/LO%20QUE%20OFRECEMOS\" target=\"_blank\"><\/a>\n\t<div class=\"qode-advanced-cta-content\">\t\t\n\t    <span class=\"qode-advanced-cta-text-holder\" style=\"color:#848484;font-size:22px;font-weight:600\">\n\t\t    La alegr\u00eda de vivir viene con la aceptaci\u00f3n y el orgullo de nuestras ra\u00edces.\t    <\/span>\n\t    <span class=\"qode-advanced-cta-icon-holder\" style=\"height:45px;width:45px\">\n\t\t    <span class=\"qode-advanced-cta-icon-holder-table\">\n\t\t    \t<span class=\"qode-advanced-cta-icon-holder-cell\" >\n\t\t\t    \t<i class=\"qodef-icon-linea-icon  qode-advanced-cta-icon\" ><\/i>\t\t\t    <\/span>\n\t\t    <\/span>\n\t\t    \t    <\/span>\n\t<\/div>\n\t\t\t<div class=\"qode-advanced-cta-background-holder\">\n\t\t\t<span class=\"qode-advanced-cta-background-1 qode-type1-gradient-left-to-right\"><\/span>\n\t\t\t<span class=\"qode-advanced-cta-background-2 qode-type1-gradient-left-to-right\"><\/span>\n\t\t\t<span class=\"qode-advanced-cta-background-3\"><\/span>\n\t\t<\/div>\n\t<\/div>[vc_empty_space][qode_elements_holder number_of_columns=\u00bbone_column\u00bb alignment_one_column=\u00bbcenter\u00bb][qode_elements_holder_item horizontal_alignment=\u00bbcenter\u00bb advanced_animations=\u00bbno\u00bb]<a  itemprop=\"url\" href=\"\/es\/educacion-holistica\/\" target=\"_self\"  class=\"qbutton  center default\" style=\"\">Qu\u00e9 ofrecemos<\/a>[\/qode_elements_holder_item][\/qode_elements_holder][\/vc_column][\/vc_row][vc_row css_animation=\u00bb\u00bb row_type=\u00bbrow\u00bb use_row_as_full_screen_section=\u00bbno\u00bb type=\u00bbgrid\u00bb angled_section=\u00bbno\u00bb text_align=\u00bbleft\u00bb background_image_as_pattern=\u00bbwithout_pattern\u00bb z_index=\u00bb\u00bb css=\u00bb.vc_custom_1651265411226{padding-top: 20px !important;background-color: #ffffff !important;}\u00bb][vc_column][qode_elements_holder number_of_columns=\u00bbtwo_columns\u00bb][qode_elements_holder_item advanced_animations=\u00bbno\u00bb item_padding=\u00bb20px 20px 80px 80px\u00bb][vc_single_image image=\u00bb1213&#8243; img_size=\u00bblarge\u00bb qode_css_animation=\u00bbelement_from_left\u00bb][\/qode_elements_holder_item][qode_elements_holder_item advanced_animations=\u00bbno\u00bb item_padding=\u00bb20px 0px 0px 0px\u00bb][vc_column_text]<\/p>\n<h3>La historia de los propietarios<\/h3>\n<p>&nbsp;<\/p>\n<p><em>&#8216;Desde 1999 he visto pasar a muchos ni\u00f1os por nuestras guarder\u00edas y, debido a la evoluci\u00f3n, la diferencia es incre\u00edble entre el ni\u00f1o de entonces y el de hoy.<br \/>\n<\/em><\/p>\n<p>&nbsp;<\/p>\n<p><em>Gracias a la globalizaci\u00f3n y al modo en que vivimos en el mundo actual, los ni\u00f1os no son los mismos que hace 10 o 15 a\u00f1os. <\/em><\/p>\n<p>&nbsp;<\/p>\n<p><em>Ello es efecto directo de los cambios cient\u00edficos y tecnol\u00f3gicos, de la comprensi\u00f3n del mundo como una aldea global donde no existen fronteras en las comunicaciones, del descubrimiento de horizontes hasta hace poco desconocidos y de que los ni\u00f1os sean reconocidos como ciudadanos del planeta. Como profesionales es imprescindible trabajar junto a los ni\u00f1os, permiti\u00e9ndoles desarrollarse como personas \u00edntegras, aut\u00f3nomas y capaces de construir su propia realidad como personas y potenciando sus habilidades y talentos innatos; habilidades que les permitan afrontar el futuro como adultos felices y realizados.<\/em><\/p>\n<p>&nbsp;<\/p>\n<p><em>Los primeros a\u00f1os de los ni\u00f1os son fundamentales para el desarrollo de sus capacidades, su identidad y su seguridad emocional. <\/em><\/p>\n<p>&nbsp;<\/p>\n<p><em>A trav\u00e9s de las distintas ramas de la psicolog\u00eda infantil, hoy sabemos que la personalidad, la actividad motriz, las relaciones sociales y las tendencias futuras se desarrollan durante los cinco primeros a\u00f1os de vida, la etapa en la que el ni\u00f1o adulto se autodefine.<br \/>\n<\/em><\/p>\n<p>&nbsp;<\/p>\n<p><em>Por ello, es necesario dar a los ni\u00f1os una educaci\u00f3n infantil de calidad en la que los ni\u00f1os se sientan y sean protagonistas de su propio aprendizaje.<\/em><\/p>\n<p>&nbsp;<\/p>\n<p><em>Nuestra filosof\u00eda se basa en guiar a los ni\u00f1os y extraer su creatividad desde dentro, en lugar de introducir informaci\u00f3n en sus preciosas mentes y decirles lo que tienen que hacer.<\/em><\/p>\n<p><em><br \/>\nElegir la guarder\u00eda perfecta para su hijo y sus aspiraciones como padre es probablemente una de las decisiones m\u00e1s importantes que tendr\u00e1 que tomar en su vida, y nosotros estamos aqu\u00ed para ayudarle&#8230;&#8217;<\/em><\/p>\n<p>&nbsp;<\/p>\n<p><em>Margarita Morro Beltran<\/em>[\/vc_column_text][\/qode_elements_holder_item][\/qode_elements_holder][\/vc_column][\/vc_row][vc_row css_animation=\u00bb\u00bb row_type=\u00bbrow\u00bb use_row_as_full_screen_section=\u00bbno\u00bb type=\u00bbgrid\u00bb angled_section=\u00bbno\u00bb text_align=\u00bbcenter\u00bb background_image_as_pattern=\u00bbwithout_pattern\u00bb z_index=\u00bb\u00bb][vc_column][vc_gallery type=\u00bbimage_grid\u00bb images=\u00bb844,840,859&#8243; img_size=\u00bbmedium\u00bb onclick=\u00bb\u00bb column_number=\u00bb3&#8243; grayscale=\u00bbno\u00bb images_space=\u00bbgallery_without_space\u00bb][\/vc_column][\/vc_row]<\/p>\n","protected":false},"excerpt":{"rendered":"<p>[vc_row css_animation=\u00bb\u00bb row_type=\u00bbrow\u00bb use_row_as_full_screen_section=\u00bbno\u00bb type=\u00bbgrid\u00bb angled_section=\u00bbno\u00bb text_align=\u00bbleft\u00bb background_image_as_pattern=\u00bbwithout_pattern\u00bb css=\u00bb.vc_custom_1667440141283{padding-top: 30px !important;padding-bottom: 25px !important;}\u00bb z_index=\u00bb\u00bb][vc_column width=\u00bb1\/2&#8243;][vc_single_image image=\u00bb1168&#8243; img_size=\u00bblarge\u00bb style=\u00bbvc_box_rounded\u00bb qode_css_animation=\u00bb\u00bb][\/vc_column][vc_column width=\u00bb1\/2&#8243;][vc_column_text css=\u00bb.vc_custom_1715847385649{padding-top: 20px !important;padding-right: 30px !important;padding-bottom: 20px !important;padding-left: 30px !important;}\u00bb] 25 a\u00f1os formando a una generaci\u00f3n internacional &nbsp; Peques se fund\u00f3 en septiembre de 1999 como&#8230;<\/p>\n","protected":false},"author":1,"featured_media":0,"parent":0,"menu_order":0,"comment_status":"closed","ping_status":"closed","template":"full_width.php","meta":{"footnotes":""},"class_list":["post-1670","page","type-page","status-publish","hentry"],"_links":{"self":[{"href":"https:\/\/peques.co.uk\/es\/wp-json\/wp\/v2\/pages\/1670","targetHints":{"allow":["GET"]}}],"collection":[{"href":"https:\/\/peques.co.uk\/es\/wp-json\/wp\/v2\/pages"}],"about":[{"href":"https:\/\/peques.co.uk\/es\/wp-json\/wp\/v2\/types\/page"}],"author":[{"embeddable":true,"href":"https:\/\/peques.co.uk\/es\/wp-json\/wp\/v2\/users\/1"}],"replies":[{"embeddable":true,"href":"https:\/\/peques.co.uk\/es\/wp-json\/wp\/v2\/comments?post=1670"}],"version-history":[{"count":17,"href":"https:\/\/peques.co.uk\/es\/wp-json\/wp\/v2\/pages\/1670\/revisions"}],"predecessor-version":[{"id":1980,"href":"https:\/\/peques.co.uk\/es\/wp-json\/wp\/v2\/pages\/1670\/revisions\/1980"}],"wp:attachment":[{"href":"https:\/\/peques.co.uk\/es\/wp-json\/wp\/v2\/media?parent=1670"}],"curies":[{"name":"wp","href":"https:\/\/api.w.org\/{rel}","templated":true}]}}