{"id":1697,"date":"2021-08-07T00:51:14","date_gmt":"2021-08-06T23:51:14","guid":{"rendered":"https:\/\/peques.co.uk\/participacion-de-los-padres\/"},"modified":"2022-12-21T22:59:04","modified_gmt":"2022-12-21T21:59:04","slug":"participacion-de-los-padres","status":"publish","type":"page","link":"https:\/\/peques.co.uk\/es\/participacion-de-los-padres\/","title":{"rendered":"Participaci\u00f3n de los padres"},"content":{"rendered":"<p>[vc_row css_animation=\u00bb\u00bb row_type=\u00bbrow\u00bb use_row_as_full_screen_section=\u00bbno\u00bb type=\u00bbgrid\u00bb angled_section=\u00bbno\u00bb text_align=\u00bbleft\u00bb background_image_as_pattern=\u00bbwithout_pattern\u00bb z_index=\u00bb\u00bb background_color=\u00bb#58d7af\u00bb][vc_column][qode_elements_holder number_of_columns=\u00bbone_column\u00bb alignment_one_column=\u00bbcenter\u00bb][qode_elements_holder_item vertical_alignment=\u00bbmiddle\u00bb horizontal_alignment=\u00bbcenter\u00bb advanced_animations=\u00bbno\u00bb][vc_empty_space height=\u00bb40px\u00bb][vc_column_text]<\/p>\n<h4 style=\"text-align: center;\"><span style=\"color: #ffffff;\">Reconocemos que los padres son los primeros educadores de los ni\u00f1os y trabajamos en colaboraci\u00f3n con ellos en todos los aspectos de su educaci\u00f3n infantil. Les animamos a que compartan con nosotros sus comentarios, ya sean positivos o de otro tipo, con el fin de mejorar continuamente nuestro servicio y esforzarnos por ser los mejores.<\/span><\/h4>\n<p>[\/vc_column_text][vc_empty_space][\/qode_elements_holder_item][\/qode_elements_holder][\/vc_column][\/vc_row][vc_row css_animation=\u00bb\u00bb row_type=\u00bbrow\u00bb use_row_as_full_screen_section=\u00bbno\u00bb type=\u00bbgrid\u00bb angled_section=\u00bbno\u00bb text_align=\u00bbcenter\u00bb background_image_as_pattern=\u00bbwithout_pattern\u00bb el_id=\u00bbevents\u00bb css=\u00bb.vc_custom_1667857739517{padding-top: 30px !important;}\u00bb z_index=\u00bb\u00bb][vc_column width=\u00bb1\/2&#8243;][vc_single_image image=\u00bb1264&#8243; img_size=\u00bblarge\u00bb alignment=\u00bbcenter\u00bb style=\u00bbvc_box_rounded\u00bb qode_css_animation=\u00bb\u00bb][\/vc_column][vc_column width=\u00bb1\/2&#8243; css=\u00bb.vc_custom_1657843859585{padding-right: 20px !important;padding-left: 20px !important;}\u00bb][vc_empty_space height=\u00bb60px\u00bb][vc_column_text]<\/p>\n<h3 style=\"text-align: center;\">Eventos<\/h3>\n<p>A lo largo del a\u00f1o, Peques organiza muchos eventos en los que invitamos a los padres a participar. En verano organizamos una barbacoa y en Navidad, el Pa\u00eds de las Maravillas de Invierno. Tambi\u00e9n organizamos eventos m\u00e1s peque\u00f1os a lo largo del a\u00f1o, como talleres para padres, eventos para recaudar fondos y ma\u00f1anas de caf\u00e9.[\/vc_column_text][\/vc_column][\/vc_row][vc_row css_animation=\u00bb\u00bb row_type=\u00bbrow\u00bb use_row_as_full_screen_section=\u00bbno\u00bb type=\u00bbgrid\u00bb angled_section=\u00bbno\u00bb text_align=\u00bbcenter\u00bb background_image_as_pattern=\u00bbwithout_pattern\u00bb z_index=\u00bb\u00bb][vc_column width=\u00bb1\/2&#8243; css=\u00bb.vc_custom_1657843859585{padding-right: 20px !important;padding-left: 20px !important;}\u00bb][vc_empty_space height=\u00bb60px\u00bb][vc_column_text]<\/p>\n<h3 style=\"text-align: center;\">Comentarios de los padres<\/h3>\n<p style=\"text-align: center;\"><strong>Encuestas<\/strong><\/p>\n<p>Realizamos encuestas anuales a los padres, cuya informaci\u00f3n se coteja y se tiene en cuenta para promover cambios positivos en la guarder\u00eda que reflejen las opiniones de los padres. Tambi\u00e9n disponemos de un buz\u00f3n de sugerencias accesible a los padres para recoger y tener en cuenta sus opiniones durante todo el a\u00f1o.[\/vc_column_text][\/vc_column][vc_column width=\u00bb1\/2&#8243;][vc_single_image image=\u00bb1265&#8243; img_size=\u00bbmedium\u00bb alignment=\u00bbcenter\u00bb qode_css_animation=\u00bb\u00bb][\/vc_column][\/vc_row][vc_row css_animation=\u00bb\u00bb row_type=\u00bbrow\u00bb use_row_as_full_screen_section=\u00bbno\u00bb type=\u00bbgrid\u00bb angled_section=\u00bbno\u00bb text_align=\u00bbcenter\u00bb background_image_as_pattern=\u00bbwithout_pattern\u00bb css=\u00bb.vc_custom_1667444461599{padding-top: 20px !important;padding-bottom: 20px !important;}\u00bb z_index=\u00bb\u00bb][vc_column width=\u00bb1\/2&#8243;][vc_single_image image=\u00bb1275&#8243; img_size=\u00bbmedium\u00bb alignment=\u00bbcenter\u00bb qode_css_animation=\u00bb\u00bb][\/vc_column][vc_column width=\u00bb1\/2&#8243; css=\u00bb.vc_custom_1657843859585{padding-right: 20px !important;padding-left: 20px !important;}\u00bb][vc_empty_space][vc_column_text]<\/p>\n<h3 style=\"text-align: center;\">Reuniones de progreso<\/h3>\n<p>&nbsp;<\/p>\n<p>Peques celebra reuniones de progreso dos veces al a\u00f1o con el trabajador clave de su hijo. Estas reuniones son una excelente manera de compartir informaci\u00f3n y de conectar con el progreso del desarrollo de su hijo. Los siguientes pasos del ni\u00f1o se discuten con el trabajador clave y los padres para asegurar que todos trabajan juntos para proporcionar apoyo en todas las \u00e1reas y para que el aprendizaje pueda ampliarse tanto en casa como en la guarder\u00eda.[\/vc_column_text][\/vc_column][\/vc_row][vc_row css_animation=\u00bb\u00bb row_type=\u00bbrow\u00bb use_row_as_full_screen_section=\u00bbno\u00bb type=\u00bbgrid\u00bb angled_section=\u00bbno\u00bb text_align=\u00bbcenter\u00bb background_image_as_pattern=\u00bbwithout_pattern\u00bb css=\u00bb.vc_custom_1667857696637{padding-top: 40px !important;padding-bottom: 20px !important;}\u00bb z_index=\u00bb\u00bb][vc_column width=\u00bb1\/2&#8243; css=\u00bb.vc_custom_1657843859585{padding-right: 20px !important;padding-left: 20px !important;}\u00bb][vc_empty_space][vc_column_text]<\/p>\n<h3 style=\"text-align: center;\">Tapestry<\/h3>\n<p>&nbsp;<\/p>\n<p>Nuestros diarios de aprendizaje est\u00e1n dise\u00f1ados para seguir a su hijo a lo largo de su itinerario educativo. Se han utilizado junto con las etapas de desarrollo de la \u00abEarly Years Foundation Stage\u00bb para evaluar c\u00f3mo progresan los ni\u00f1os.<\/p>\n<p>Nuestro programa inform\u00e1tico \u00abTapestry\u00bb es interactivo y se ha dise\u00f1ado para que los padres y cuidadores compartan el viaje con sus hijos, lo que a su vez sentar\u00e1 unas bases s\u00f3lidas para su futuro.[\/vc_column_text][\/vc_column][vc_column width=\u00bb1\/2&#8243;][vc_single_image image=\u00bb1276&#8243; img_size=\u00bbmedium\u00bb alignment=\u00bbcenter\u00bb qode_css_animation=\u00bb\u00bb][\/vc_column][\/vc_row][vc_row css_animation=\u00bb\u00bb row_type=\u00bbrow\u00bb use_row_as_full_screen_section=\u00bbno\u00bb type=\u00bbgrid\u00bb angled_section=\u00bbno\u00bb text_align=\u00bbcenter\u00bb background_image_as_pattern=\u00bbwithout_pattern\u00bb css=\u00bb.vc_custom_1667487459466{padding-top: 20px !important;padding-bottom: 20px !important;}\u00bb z_index=\u00bb\u00bb][vc_column width=\u00bb1\/2&#8243;][vc_single_image image=\u00bb1278&#8243; img_size=\u00bblarge\u00bb style=\u00bbvc_box_rounded\u00bb qode_css_animation=\u00bb\u00bb][\/vc_column][vc_column width=\u00bb1\/2&#8243; css=\u00bb.vc_custom_1657843859585{padding-right: 20px !important;padding-left: 20px !important;}\u00bb][vc_empty_space][vc_column_text]<\/p>\n<h3 style=\"text-align: center;\">Personas clave<\/h3>\n<p>A cada ni\u00f1o se le asigna un trabajador clave dentro de su grupo. El trabajador clave est\u00e1 ah\u00ed para seguir el desarrollo del ni\u00f1o en correspondencia con el marco EYFS 2021. Est\u00e1n ah\u00ed para ayudar a garantizar que el aprendizaje y el cuidado de cada ni\u00f1o se adaptan a sus necesidades individuales, tambi\u00e9n est\u00e1n ah\u00ed para buscar y comprometerse con el apoyo a los padres \/ cuidadores para guiar el desarrollo de su hijo en casa.[\/vc_column_text][\/vc_column][\/vc_row][vc_row css_animation=\u00bb\u00bb row_type=\u00bbrow\u00bb use_row_as_full_screen_section=\u00bbno\u00bb type=\u00bbgrid\u00bb angled_section=\u00bbno\u00bb text_align=\u00bbleft\u00bb background_image_as_pattern=\u00bbwithout_pattern\u00bb z_index=\u00bb\u00bb css=\u00bb.vc_custom_1666214240907{padding-top: 40px !important;}\u00bb][vc_column][vc_column_text]<\/p>\n<h3 style=\"text-align: center;\"><strong>Testimonios<\/strong><\/h3>\n<p>[\/vc_column_text]<div class='testimonials_c_holder clearfix dark'><div class=\"testimonials_c testimonials_c_carousel\" data-show-navigation=\"yes\" data-animation-speed=\"\" data-auto-rotate-slides=\"3\" data-number-per-slide=\"1\"><ul class=\"slides\"><li id=\"testimonials-c-1709\" class=\"testimonial_content\"><div class=\"testimonial_content_inner\"><div class=\"testimonial_text_holder\"><div class=\"testimonial_text_inner\" style=\"\"><p>La raz\u00f3n por la que eleg\u00ed Peques fue por el ambiente c\u00e1lido y porque los ni\u00f1os son tratados como\nni\u00f1os. La comida es sencillamente incre\u00edble, muy bien organizada, sana y equilibrada. Gracias por darme seguridad y a mi hija un lugar seguro y cari\u00f1oso al que asistir cada d\u00eda.<\/p><p class=\"testimonial_author\" style=\"\">Solonge - Peques Fulham Broadway<\/p><\/div><\/div><\/div><\/li><li id=\"testimonials-c-1710\" class=\"testimonial_content\"><div class=\"testimonial_content_inner\"><div class=\"testimonial_text_holder\"><div class=\"testimonial_text_inner\" style=\"\"><p>Peques Dawes Rd es una guarderia incre\u00edble. Nos ha impresionado la calidad de la atenci\u00f3n. Cuando\nvimos por primera vez Peques despu\u00e9s de visitar m\u00e1s de 10 guarderias, quedamos impresionados desde el primer momento. Nuestro hijo fue el centro de todas las atenciones, y todos los miembros del equipo parec\u00edan atentos y acogedores. No nos decepcion\u00f3<\/p><p class=\"testimonial_author\" style=\"\">Patricia and Family - Peques Parsons Green<\/p><\/div><\/div><\/div><\/li><li id=\"testimonials-c-1711\" class=\"testimonial_content\"><div class=\"testimonial_content_inner\"><div class=\"testimonial_text_holder\"><div class=\"testimonial_text_inner\" style=\"\"><p>Gracias por el maravilloso cumplea\u00f1os de mis hijas hoy.\nse sintieron tan incre\u00edbles cantando en espa\u00f1ol. Preciosa tarta y gran esfuerzo de los profesores, muy agradecidos\nhiciste que esto sucediera para ella. Gracias xx<\/p><p class=\"testimonial_author\" style=\"\">Irra - Peques Fulham Broadway<\/p><\/div><\/div><\/div><\/li><li id=\"testimonials-c-1712\" class=\"testimonial_content\"><div class=\"testimonial_content_inner\"><div class=\"testimonial_text_holder\"><div class=\"testimonial_text_inner\" style=\"\"><p>A mis hijos les encanta venir a Peques y est\u00e1n deseando venir cada d\u00eda. Los profesoras son tan\ncari\u00f1osas, amables, alentadoras y trabajadoras. Mi hijo tiene intolerancias alimentarias y Peques ha sido tan\nservicial, paciente y solidario. Los men\u00fas tienen un aspecto y un sabor deliciosos. Bien hecho.<\/p><p class=\"testimonial_author\" style=\"\">Alex - Peques Parsons Green<\/p><\/div><\/div><\/div><\/li><li id=\"testimonials-c-1713\" class=\"testimonial_content\"><div class=\"testimonial_content_inner\"><div class=\"testimonial_text_holder\"><div class=\"testimonial_text_inner\" style=\"\"><p>Los profesores son muy amables y acogedores, siempre est\u00e1n dispuestos a ayudar y asegurarse de que los ni\u00f1os\nlogren. Hoy en d\u00eda es dif\u00edcil encontrar guarder\u00edas que ofrezcan una atenci\u00f3n de calidad no s\u00f3lo a los ni\u00f1os, sino tambi\u00e9n a los padres.\npadres tambi\u00e9n. Yo personalmente recomendar\u00eda la guarder\u00eda Peques a todo el mundo.<\/p><p class=\"testimonial_author\" style=\"\">Maria - Peques Parsons Green<\/p><\/div><\/div><\/div><\/li><li id=\"testimonials-c-1714\" class=\"testimonial_content\"><div class=\"testimonial_content_inner\"><div class=\"testimonial_text_holder\"><div class=\"testimonial_text_inner\" style=\"\"><p>Peques, gracias por todo. Realmente puedo decir que mis hijos ahora hablan tres idiomas con un gran comienzo en la vida, el amor y el afecto junto con la profesionalidad del personal es insuperable. \nNo es de extra\u00f1ar que los guarder\u00edas Peques sean EXCELENTES. Los queremos Peques y nunca los olvidaremos.<\/p><p class=\"testimonial_author\" style=\"\">Martha & Chris - Peques Fulham Broadway<\/p><\/div><\/div><\/div><\/li><li id=\"testimonials-c-1715\" class=\"testimonial_content\"><div class=\"testimonial_content_inner\"><div class=\"testimonial_text_holder\"><div class=\"testimonial_text_inner\" style=\"\"><p>Como madre primeriza y trabajadora, quer\u00eda encontrar el mejor lugar para mi beb\u00e9, \u00a1y por suerte lo encontramos! Peques Fulham es genial. Desde la directora hasta todos los profesores de la guarder\u00eda, tu beb\u00e9 recibir\u00e1 cari\u00f1o y cuidados desde una etapa temprana. Las instalaciones tambi\u00e9n son estupendas y tienen un espacio abierto que es incre\u00edble. La crianza, el amor, el cuidado y la estimulaci\u00f3n que su hijo recibir\u00e1 en Peques no tiene precio. Mi beb\u00e9 se sinti\u00f3 como en casa casi de inmediato y adora a sus profesores y le encanta pasar el d\u00eda. La comida tambi\u00e9n es nutritiva y crean actividades estupendas todos los d\u00edas. Si quieres el mejor lugar para cuidar a tu beb\u00e9, \u00a1\u00e9ste es! Gracias Peques Fulham.<\/p><p class=\"testimonial_author\" style=\"\">Veronica B - Peques Fulham<\/p><\/div><\/div><\/div><\/li><li id=\"testimonials-c-1716\" class=\"testimonial_content\"><div class=\"testimonial_content_inner\"><div class=\"testimonial_text_holder\"><div class=\"testimonial_text_inner\" style=\"\"><p>10\u00ba Aniversario de Peques Parsons Green - Fue un momento maravilloso y divertido. Puedo decir que por eso mi hijo siempre vuelve a casa con cosas nuevas que ha aprendido, porque disfruta mucho aqu\u00ed y le deseo que pase muchos m\u00e1s a\u00f1os feliz. Buena suerte y buen trabajo.<\/p><p class=\"testimonial_author\" style=\"\">Peques Parsons Green<\/p><\/div><\/div><\/div><\/li><li id=\"testimonials-c-1717\" class=\"testimonial_content\"><div class=\"testimonial_content_inner\"><div class=\"testimonial_text_holder\"><div class=\"testimonial_text_inner\" style=\"\"><p>Han pasado m\u00e1s de dos a\u00f1os desde que dej\u00e9 Peques e inici\u00e9 mi camino en la ense\u00f1anza primaria.\nSigo recordando el maravilloso tiempo que pas\u00e9 all\u00ed y sinti\u00e9ndome muy agradecida.\nDe todo coraz\u00f3n espero que todo vaya bien y estoy seguro de que todos seguir\u00e9is proporcionando una educaci\u00f3n excelente a los ni\u00f1os.\nCon mucho amor.<\/p><p class=\"testimonial_author\" style=\"\">Raquel - Former Pre School teacher in Peques Fulham Broadway<\/p><\/div><\/div><\/div><\/li><li id=\"testimonials-c-1718\" class=\"testimonial_content\"><div class=\"testimonial_content_inner\"><div class=\"testimonial_text_holder\"><div class=\"testimonial_text_inner\" style=\"\"><p>Nuestras dos hijas asistieron a Peques y nos encant\u00f3 absolutamente la experiencia Peques, la actitud y la<br>\nel cuidado y la atenci\u00f3n a los ni\u00f1os. Escuchamos una historia tras otra de amigos insatisfechos...<br>\no directamente descontentos con sus escuelas infantiles o guarder\u00edas y nos sentimos bendecidos de que nuestros hijos estuvieran<br>\na salvo en el maravilloso mundo Peques.<\/p><p class=\"testimonial_author\" style=\"\">Lots of love Amanda - Peques Parsons Green<\/p><\/div><\/div><\/div><\/li><\/ul><\/div><\/div>[\/vc_column][\/vc_row]<\/p>\n","protected":false},"excerpt":{"rendered":"<p>[vc_row css_animation=\u00bb\u00bb row_type=\u00bbrow\u00bb use_row_as_full_screen_section=\u00bbno\u00bb type=\u00bbgrid\u00bb angled_section=\u00bbno\u00bb text_align=\u00bbleft\u00bb background_image_as_pattern=\u00bbwithout_pattern\u00bb z_index=\u00bb\u00bb background_color=\u00bb#58d7af\u00bb][vc_column][qode_elements_holder number_of_columns=\u00bbone_column\u00bb alignment_one_column=\u00bbcenter\u00bb][qode_elements_holder_item vertical_alignment=\u00bbmiddle\u00bb horizontal_alignment=\u00bbcenter\u00bb advanced_animations=\u00bbno\u00bb][vc_empty_space height=\u00bb40px\u00bb][vc_column_text] Reconocemos que los padres son los primeros educadores de los ni\u00f1os y trabajamos en colaboraci\u00f3n con ellos en todos los aspectos de su educaci\u00f3n infantil. Les animamos a que&#8230;<\/p>\n","protected":false},"author":1,"featured_media":0,"parent":0,"menu_order":0,"comment_status":"closed","ping_status":"closed","template":"full_width.php","meta":{"footnotes":""},"class_list":["post-1697","page","type-page","status-publish","hentry"],"_links":{"self":[{"href":"https:\/\/peques.co.uk\/es\/wp-json\/wp\/v2\/pages\/1697","targetHints":{"allow":["GET"]}}],"collection":[{"href":"https:\/\/peques.co.uk\/es\/wp-json\/wp\/v2\/pages"}],"about":[{"href":"https:\/\/peques.co.uk\/es\/wp-json\/wp\/v2\/types\/page"}],"author":[{"embeddable":true,"href":"https:\/\/peques.co.uk\/es\/wp-json\/wp\/v2\/users\/1"}],"replies":[{"embeddable":true,"href":"https:\/\/peques.co.uk\/es\/wp-json\/wp\/v2\/comments?post=1697"}],"version-history":[{"count":2,"href":"https:\/\/peques.co.uk\/es\/wp-json\/wp\/v2\/pages\/1697\/revisions"}],"predecessor-version":[{"id":1699,"href":"https:\/\/peques.co.uk\/es\/wp-json\/wp\/v2\/pages\/1697\/revisions\/1699"}],"wp:attachment":[{"href":"https:\/\/peques.co.uk\/es\/wp-json\/wp\/v2\/media?parent=1697"}],"curies":[{"name":"wp","href":"https:\/\/api.w.org\/{rel}","templated":true}]}}