{"id":1703,"date":"2022-07-28T22:22:34","date_gmt":"2022-07-28T21:22:34","guid":{"rendered":"https:\/\/peques.co.uk\/peques-fulham-broadway\/peques-parsons-green\/"},"modified":"2025-05-12T16:19:11","modified_gmt":"2025-05-12T15:19:11","slug":"peques-parsons-green","status":"publish","type":"page","link":"https:\/\/peques.co.uk\/es\/fulham-broadway\/peques-parsons-green\/","title":{"rendered":"Peques Parsons Green"},"content":{"rendered":"<p>[vc_row css_animation=\u00bb\u00bb row_type=\u00bbrow\u00bb use_row_as_full_screen_section=\u00bbno\u00bb type=\u00bbfull_width\u00bb angled_section=\u00bbno\u00bb text_align=\u00bbcenter\u00bb background_image_as_pattern=\u00bbwithout_pattern\u00bb el_id=\u00bbparsonsgreen\u00bb z_index=\u00bb\u00bb padding_top=\u00bb40&#8243; padding_bottom=\u00bb20&#8243;][vc_column width=\u00bb1\/2&#8243;]<div class=\"qode-crossfade-images\" >\n\t\t<div class=\"qode-cfi-img-holder\" \n\t\t\tstyle=\"\tmax-height:495px;\n\t\t\t\t\tbackground-color: ;\n\t\t\t\">\n\t\t<div class=\"qode-cfi-img-holder-inner\">\n\t\t\t<img decoding=\"async\" src=\"https:\/\/peques.co.uk\/wp-content\/uploads\/2022\/09\/ENTRANCE-PEQUES-PHARSONS-GREEN2.jpg\" alt=\"initial image\" \/>\n\t\t\t<div class=\"qodef-cfi-image-hover qode-lazy-image\" data-image=\"https:\/\/peques.co.uk\/wp-content\/uploads\/2025\/01\/WhatsApp-Image-2024-11-20-at-14.39.36_251f4b68.jpg\" data-lazy='true'><\/div>\n\t\t<\/div>\n\t<\/div>\n\t<\/div>[\/vc_column][vc_column width=\u00bb1\/2&#8243; css=\u00bb.vc_custom_1657843859585{padding-right: 20px !important;padding-left: 20px !important;}\u00bb][qode_elements_holder number_of_columns=\u00bbone_column\u00bb alignment_one_column=\u00bbcenter\u00bb][qode_elements_holder_item vertical_alignment=\u00bbmiddle\u00bb advanced_animations=\u00bbno\u00bb item_padding=\u00bb20px 20px 40px 40px\u00bb][vc_column_text]<\/p>\n<h4 style=\"text-align: center;\">\u02dc Un lugar \u00fanico para aprender y crecer \u02dc<\/h4>\n<h5><\/h5>\n<h5><\/h5>\n<p>&nbsp;<\/p>\n<h5 style=\"text-align: center;\">Parsons Green (entre Fulham Broadway y la estaci\u00f3n de Parsons Green) se encuentra en un luminoso y aireado Church Hall situado en un entorno seguro y acogedor en el coraz\u00f3n de Londres.<\/h5>\n<p>&nbsp;<\/p>\n<p style=\"text-align: center;\">Con patio privado y huerto. Tiene capacidad para 46 ni\u00f1os. Con un ama de llaves a tiempo completo y un chef con una cocina de 5 estrellas.<\/p>\n<p>&nbsp;<\/p>\n<p style=\"text-align: center;\">La guarder\u00eda est\u00e1 abierta de 8.00 a 18.00 horas, 50 semanas al a\u00f1o.<\/p>\n<p>[\/vc_column_text][\/qode_elements_holder_item][\/qode_elements_holder][\/vc_column][\/vc_row][vc_row css_animation=\u00bb\u00bb row_type=\u00bbrow\u00bb use_row_as_full_screen_section=\u00bbno\u00bb type=\u00bbgrid\u00bb angled_section=\u00bbno\u00bb text_align=\u00bbcenter\u00bb background_image_as_pattern=\u00bbwithout_pattern\u00bb z_index=\u00bb\u00bb padding_top=\u00bb20&#8243; padding_bottom=\u00bb20&#8243;][vc_column css=\u00bb.vc_custom_1657843859585{padding-right: 20px !important;padding-left: 20px !important;}\u00bb][vc_column_text]<\/p>\n<h3 style=\"text-align: center;\">Nuestros gestores<\/h3>\n<p>[\/vc_column_text][\/vc_column][\/vc_row][vc_row css_animation=\u00bb\u00bb row_type=\u00bbrow\u00bb use_row_as_full_screen_section=\u00bbno\u00bb type=\u00bbgrid\u00bb angled_section=\u00bbno\u00bb text_align=\u00bbcenter\u00bb background_image_as_pattern=\u00bbwithout_pattern\u00bb z_index=\u00bb\u00bb css=\u00bb.vc_custom_1712331582993{padding-top: 30px !important;padding-right: 30px !important;padding-bottom: 30px !important;padding-left: 30px !important;}\u00bb][vc_column width=\u00bb1\/3&#8243; css=\u00bb.vc_custom_1657843859585{padding-right: 20px !important;padding-left: 20px !important;}\u00bb]<div class='q_team info_description_below_image'><div class='q_team_inner'><div class='q_team_image'><div class='q_team_image_holder'><img itemprop='image' src='https:\/\/peques.co.uk\/wp-content\/uploads\/2022\/10\/margarita-morro-e1747062857186.png' alt='margarita-morro' \/><\/div><div class='q_team_text' style=border-style:solid;border-color:#ffeaab;border-width:3px;'><div class='q_team_text_inner'><div class='q_team_title_holder'><h3 class='q_team_name' style = ''>Margarita<\/h3><span style = ''>Founder &amp; Owner<\/span><\/div><div class='separator small center' style = ''><\/div><\/div><\/div><div class='q_team_social_holder'><\/div><\/div><\/div><\/div>[\/vc_column][vc_column width=\u00bb1\/3&#8243;]<div class='q_team info_description_below_image'><div class='q_team_inner'><div class='q_team_image'><div class='q_team_image_holder'><img itemprop='image' src='https:\/\/peques.co.uk\/wp-content\/uploads\/2024\/06\/IMG_8492-1-e1718714027501.jpg' alt='IMG_8492' \/><\/div><div class='q_team_text' style=border-style:solid;border-color:#ffeaab;border-width:3px;'><div class='q_team_text_inner'><div class='q_team_title_holder'><h3 class='q_team_name' style = ''>Stephanie<\/h3><span style = ''>Operations Manager<\/span><\/div><div class='separator small center' style = ''><\/div><\/div><\/div><div class='q_team_social_holder'><\/div><\/div><\/div><\/div>[\/vc_column][vc_column width=\u00bb1\/3&#8243;]<div class='q_team info_description_below_image'><div class='q_team_inner'><div class='q_team_image'><div class='q_team_image_holder'><img itemprop='image' src='https:\/\/peques.co.uk\/wp-content\/uploads\/2021\/08\/personal2-e1718714222646.jpg' alt='personal2' \/><\/div><div class='q_team_text' style=border-style:solid;border-color:#ffeaab;border-width:3px;'><div class='q_team_text_inner'><div class='q_team_title_holder'><h3 class='q_team_name' style = ''>Samia<\/h3><span style = ''>Responsable de guarder\u00eda<\/span><\/div><div class='separator small center' style = ''><\/div><\/div><\/div><div class='q_team_social_holder'><\/div><\/div><\/div><\/div>[\/vc_column][\/vc_row][vc_row css_animation=\u00bb\u00bb row_type=\u00bbrow\u00bb use_row_as_full_screen_section=\u00bbno\u00bb type=\u00bbgrid\u00bb angled_section=\u00bbno\u00bb text_align=\u00bbcenter\u00bb background_image_as_pattern=\u00bbwithout_pattern\u00bb z_index=\u00bb\u00bb][vc_column width=\u00bb1\/3&#8243; css=\u00bb.vc_custom_1657843859585{padding-right: 20px !important;padding-left: 20px !important;}\u00bb]<div class='q_team info_description_below_image'><div class='q_team_inner'><div class='q_team_image'><div class='q_team_image_holder'><img itemprop='image' src='https:\/\/peques.co.uk\/wp-content\/uploads\/2024\/06\/H4oXGKr0-scaled-e1718716332827.jpeg' alt='H4oXGKr0' \/><\/div><div class='q_team_text' style=border-style:solid;border-color:#ffeaab;border-width:3px;'><div class='q_team_text_inner'><div class='q_team_title_holder'><h3 class='q_team_name' style = ''>Unnati<\/h3><span style = ''>Deputy\/Co-Manager<\/span><\/div><div class='separator small center' style = ''><\/div><\/div><\/div><div class='q_team_social_holder'><\/div><\/div><\/div><\/div>[\/vc_column][vc_column width=\u00bb1\/3&#8243;]<div class='q_team info_description_below_image'><div class='q_team_inner'><div class='q_team_image'><div class='q_team_image_holder'><img itemprop='image' src='https:\/\/peques.co.uk\/wp-content\/uploads\/2023\/07\/CARLA--e1718715235598.jpg' alt='CARLA' \/><\/div><div class='q_team_text' style=border-style:solid;border-color:#ffeaab;border-width:3px;'><div class='q_team_text_inner'><div class='q_team_title_holder'><h3 class='q_team_name' style = ''>Carla<\/h3><span style = ''>Tercero al mando<\/span><\/div><div class='separator small center' style = ''><\/div><\/div><\/div><div class='q_team_social_holder'><\/div><\/div><\/div><\/div>[\/vc_column][vc_column width=\u00bb1\/3&#8243;]<div class='q_team info_description_below_image'><div class='q_team_inner'><div class='q_team_image'><div class='q_team_image_holder'><img itemprop='image' src='https:\/\/peques.co.uk\/wp-content\/uploads\/2022\/11\/SORAYA-e1718713727899.jpg' alt='SORAYA' \/><\/div><div class='q_team_text' style=border-style:solid;border-color:#ffeaab;border-width:3px;'><div class='q_team_text_inner'><div class='q_team_title_holder'><h3 class='q_team_name' style = ''>Soraya<\/h3><span style = ''>Administrador<\/span><\/div><div class='separator small center' style = ''><\/div><\/div><\/div><div class='q_team_social_holder'><\/div><\/div><\/div><\/div>[\/vc_column][\/vc_row][vc_row css_animation=\u00bb\u00bb row_type=\u00bbrow\u00bb use_row_as_full_screen_section=\u00bbno\u00bb type=\u00bbfull_width\u00bb angled_section=\u00bbno\u00bb text_align=\u00bbcenter\u00bb background_image_as_pattern=\u00bbwithout_pattern\u00bb css=\u00bb.vc_custom_1670443710823{padding-top: 40px !important;padding-bottom: 20px !important;}\u00bb z_index=\u00bb\u00bb][vc_column width=\u00bb1\/2&#8243; css=\u00bb.vc_custom_1657843859585{padding-right: 20px !important;padding-left: 20px !important;}\u00bb][qode_elements_holder number_of_columns=\u00bbone_column\u00bb alignment_one_column=\u00bbcenter\u00bb][qode_elements_holder_item vertical_alignment=\u00bbmiddle\u00bb advanced_animations=\u00bbno\u00bb item_padding=\u00bb20px 20px 40px 40px\u00bb][vc_column_text]<\/p>\n<h3 style=\"text-align: center;\">Personal de Peques Parsons Green<\/h3>\n<p>&nbsp;<\/p>\n<p>El personal de Peques ha sido meticulosamente seleccionado, no s\u00f3lo por su experiencia y cualificaci\u00f3n, sino por su aut\u00e9ntica pasi\u00f3n y amor por los ni\u00f1os. Tanto nuestra directora como nuestra adjunta tienen m\u00e1s de 30 a\u00f1os de experiencia combinada en el sector de la educaci\u00f3n infantil y han ido ascendiendo por todos los grupos de edad hasta llegar a sus puestos actuales. Debido a tener el lujo de la Oficina Central, esto permite a ambos gerentes a ser manos a la pr\u00e1ctica en la pr\u00e1ctica Nursery. Nuestro Supervisor de Cocina, lleva m\u00e1s de 15 a\u00f1os en el sector de las cocinas de catering\/guarder\u00edas, es un apasionado de la comida nutritiva y de c\u00f3mo la nutrici\u00f3n es primordial para el desarrollo f\u00edsico y cognitivo de los ni\u00f1os peque\u00f1os.<\/p>\n<p>&nbsp;<\/p>\n<p><em><strong><span style=\"vertical-align: inherit;\"><span style=\"vertical-align: inherit;\">NOTE<\/span><\/span><\/strong><span style=\"vertical-align: inherit;\"><span style=\"vertical-align: inherit;\"> in Peques, children move on to the next group only when they are fully prepared and not automatically at the expected age. All children are individuals and develop at different stages, so this may be slightly earlier or later than the published age range.<\/span><\/span><\/em><span style=\"vertical-align: inherit;\"><span style=\"vertical-align: inherit;\"> [\/vc_column_text][vc_empty_space]<a  itemprop=\"url\" href=\"\/about-us\/\" target=\"_self\"  class=\"qbutton  default\" style=\"\">Personal<\/a>[vc_empty_space][\/qode_elements_holder_item][\/qode_elements_holder][\/vc_column][vc_empty_space][vc_single_image image=\u00bb1456&#8243; img_size=\u00bblarge\u00bb style=\u00bbvc_box_rounded\u00bb qode_css_animation=\u00bb\u00bb][\/vc_row][vc_row css_animation=\u00bb\u00bb row_type=\u00bbrow\u00bb use_row_as_full_screen_section=\u00bbno\u00bb type=\u00bbfull_width\u00bb angled_section=\u00bbno\u00bb text_align=\u00bbcenter\u00bb background_image_as_pattern=\u00bbwithout_pattern\u00bb z_index=\u00bb\u00bb side_padding=\u00bb0px 30px 30px 30px\u00bb][vc_column width=\u00bb1\/3&#8243;]<div class=\"qode-crossfade-images\" >\n\t\t<div class=\"qode-cfi-img-holder\" \n\t\t\tstyle=\"\tmax-height:2560px;\n\t\t\t\t\tbackground-color: ;\n\t\t\t\">\n\t\t<div class=\"qode-cfi-img-holder-inner\">\n\t\t\t<img decoding=\"async\" src=\"https:\/\/peques.co.uk\/wp-content\/uploads\/2025\/01\/WhatsApp-Image-2025-01-09-at-13.54.12_9b9ccb3f-scaled.jpg\" alt=\"initial image\" \/>\n\t\t\t<div class=\"qodef-cfi-image-hover qode-lazy-image\" data-image=\"https:\/\/peques.co.uk\/wp-content\/uploads\/2025\/01\/WhatsApp-Image-2025-01-09-at-13.54.09_056e9d02-scaled.jpg\" data-lazy='true'><\/div>\n\t\t<\/div>\n\t<\/div>\n\t\t\t<div class=\"qode-cfi-title-holder\">\n\t\t\t<h3 class=\"qode-cfi-title\">CRYSTALS GROUP (3 - 17 months)<\/h3>\n\t\t<\/div>\n\t<\/div>[\/vc_column][vc_column width=\u00bb1\/3&#8243;]<div class=\"qode-crossfade-images\" >\n\t\t<div class=\"qode-cfi-img-holder\" \n\t\t\tstyle=\"\tmax-height:2560px;\n\t\t\t\t\tbackground-color: ;\n\t\t\t\">\n\t\t<div class=\"qode-cfi-img-holder-inner\">\n\t\t\t<img decoding=\"async\" src=\"https:\/\/peques.co.uk\/wp-content\/uploads\/2025\/01\/DIAMONDS-2-scaled.jpg\" alt=\"initial image\" \/>\n\t\t\t<div class=\"qodef-cfi-image-hover qode-lazy-image\" data-image=\"https:\/\/peques.co.uk\/wp-content\/uploads\/2025\/01\/DIAMOMDS-1-scaled.jpg\" data-lazy='true'><\/div>\n\t\t<\/div>\n\t<\/div>\n\t\t\t<div class=\"qode-cfi-title-holder\">\n\t\t\t<h3 class=\"qode-cfi-title\">DIAMONDS GROUP (18 - 24 months)<\/h3>\n\t\t<\/div>\n\t<\/div>[\/vc_column][vc_column width=\u00bb1\/3&#8243;]<div class=\"qode-crossfade-images\" >\n\t\t<div class=\"qode-cfi-img-holder\" \n\t\t\tstyle=\"\tmax-height:2560px;\n\t\t\t\t\tbackground-color: ;\n\t\t\t\">\n\t\t<div class=\"qode-cfi-img-holder-inner\">\n\t\t\t<img decoding=\"async\" src=\"https:\/\/peques.co.uk\/wp-content\/uploads\/2025\/01\/WhatsApp-Image-2025-01-09-at-13.53.53_837cfae2-scaled.jpg\" alt=\"initial image\" \/>\n\t\t\t<div class=\"qodef-cfi-image-hover qode-lazy-image\" data-image=\"https:\/\/peques.co.uk\/wp-content\/uploads\/2025\/01\/WhatsApp-Image-2025-01-09-at-13.54.07_79ba3a2f-scaled.jpg\" data-lazy='true'><\/div>\n\t\t<\/div>\n\t<\/div>\n\t\t\t<div class=\"qode-cfi-title-holder\">\n\t\t\t<h3 class=\"qode-cfi-title\">RAINBOWS GROUP (26 months - 3 years)<\/h3>\n\t\t<\/div>\n\t<\/div>[\/vc_column][\/vc_row][vc_row css_animation=\u00bb\u00bb row_type=\u00bbrow\u00bb use_row_as_full_screen_section=\u00bbno\u00bb type=\u00bbfull_width\u00bb angled_section=\u00bbno\u00bb text_align=\u00bbcenter\u00bb background_image_as_pattern=\u00bbwithout_pattern\u00bb z_index=\u00bb\u00bb side_padding=\u00bb0px 30px 30px 30px\u00bb][vc_column width=\u00bb1\/3&#8243;]<div class=\"qode-crossfade-images\" >\n\t\t<div class=\"qode-cfi-img-holder\" \n\t\t\tstyle=\"\tmax-height:2560px;\n\t\t\t\t\tbackground-color: ;\n\t\t\t\">\n\t\t<div class=\"qode-cfi-img-holder-inner\">\n\t\t\t<img decoding=\"async\" src=\"https:\/\/peques.co.uk\/wp-content\/uploads\/2025\/01\/WhatsApp-Image-2025-01-09-at-13.54.16_294b4c30-scaled.jpg\" alt=\"initial image\" \/>\n\t\t\t<div class=\"qodef-cfi-image-hover qode-lazy-image\" data-image=\"https:\/\/peques.co.uk\/wp-content\/uploads\/2025\/01\/WhatsApp-Image-2025-01-09-at-13.54.05_8f8c372c-scaled.jpg\" data-lazy='true'><\/div>\n\t\t<\/div>\n\t<\/div>\n\t\t\t<div class=\"qode-cfi-title-holder\">\n\t\t\t<h3 class=\"qode-cfi-title\">INDIGO GROUP (3 - 5 years)<\/h3>\n\t\t<\/div>\n\t<\/div>[vc_column width=\u00bb1\/3&#8243;][\/vc_column][\/vc_column][vc_column width=\u00bb1\/3&#8243; link_target=\u00bb_blank\u00bb initial_image=\u00bb928&#8243; title=\u00bbINPUT\u00bb hover_image=\u00bb1152&#8243;]<div class=\"qode-crossfade-images\" >\n\t\t<div class=\"qode-cfi-img-holder\" \n\t\t\tstyle=\"\tmax-height:1200px;\n\t\t\t\t\tbackground-color: ;\n\t\t\t\">\n\t\t<div class=\"qode-cfi-img-holder-inner\">\n\t\t\t<img decoding=\"async\" src=\"https:\/\/peques.co.uk\/wp-content\/uploads\/2025\/01\/WhatsApp-Image-2025-01-09-at-12.52.54_e1e62fb3.jpg\" alt=\"initial image\" \/>\n\t\t\t<div class=\"qodef-cfi-image-hover qode-lazy-image\" data-image=\"https:\/\/peques.co.uk\/wp-content\/uploads\/2025\/01\/WhatsApp-Image-2025-01-09-at-12.52.53_86c03adf.jpg\" data-lazy='true'><\/div>\n\t\t<\/div>\n\t<\/div>\n\t\t\t<div class=\"qode-cfi-title-holder\">\n\t\t\t<h3 class=\"qode-cfi-title\">GARDIN<\/h3>\n\t\t<\/div>\n\t<\/div>[\/vc_column][vc_column width=\u00bb1\/3&#8243;]<div class=\"qode-crossfade-images\" >\n\t\t<div class=\"qode-cfi-img-holder\" \n\t\t\tstyle=\"\tmax-height:680px;\n\t\t\t\t\tbackground-color: ;\n\t\t\t\">\n\t\t<div class=\"qode-cfi-img-holder-inner\">\n\t\t\t<img decoding=\"async\" src=\"https:\/\/peques.co.uk\/wp-content\/uploads\/2022\/09\/ENTRANCE-PEQUES-PARSONS-GREEN-e1663043983954.jpg\" alt=\"initial image\" \/>\n\t\t\t<div class=\"qodef-cfi-image-hover qode-lazy-image\" data-image=\"\" data-lazy='true'><\/div>\n\t\t<\/div>\n\t<\/div>\n\t\t\t<div class=\"qode-cfi-title-holder\">\n\t\t\t<h3 class=\"qode-cfi-title\">ENTRANCE<\/h3>\n\t\t<\/div>\n\t<\/div>[\/vc_column][\/vc_row][vc_row css_animation=\u00bb\u00bb row_type=\u00bbrow\u00bb use_row_as_full_screen_section=\u00bbno\u00bb type=\u00bbfull_width\u00bb angled_section=\u00bbno\u00bb text_align=\u00bbleft\u00bb background_image_as_pattern=\u00bbwithout_pattern\u00bb][vc_column][vc_column_text]<\/span><\/span>[\/vc_column_text][\/vc_column][\/vc_row]<\/p>\n","protected":false},"excerpt":{"rendered":"<p>[vc_row css_animation=\u00bb\u00bb row_type=\u00bbrow\u00bb use_row_as_full_screen_section=\u00bbno\u00bb type=\u00bbfull_width\u00bb angled_section=\u00bbno\u00bb text_align=\u00bbcenter\u00bb background_image_as_pattern=\u00bbwithout_pattern\u00bb el_id=\u00bbparsonsgreen\u00bb z_index=\u00bb\u00bb padding_top=\u00bb40&#8243; padding_bottom=\u00bb20&#8243;][vc_column width=\u00bb1\/2&#8243;][\/vc_column][vc_column width=\u00bb1\/2&#8243; css=\u00bb.vc_custom_1657843859585{padding-right: 20px !important;padding-left: 20px !important;}\u00bb][qode_elements_holder number_of_columns=\u00bbone_column\u00bb alignment_one_column=\u00bbcenter\u00bb][qode_elements_holder_item vertical_alignment=\u00bbmiddle\u00bb advanced_animations=\u00bbno\u00bb item_padding=\u00bb20px 20px 40px 40px\u00bb][vc_column_text] \u02dc Un lugar \u00fanico para aprender y crecer \u02dc &nbsp; Parsons Green (entre Fulham Broadway y la estaci\u00f3n&#8230;<\/p>\n","protected":false},"author":1,"featured_media":0,"parent":1700,"menu_order":0,"comment_status":"closed","ping_status":"closed","template":"full_width.php","meta":{"footnotes":""},"class_list":["post-1703","page","type-page","status-publish","hentry"],"_links":{"self":[{"href":"https:\/\/peques.co.uk\/es\/wp-json\/wp\/v2\/pages\/1703","targetHints":{"allow":["GET"]}}],"collection":[{"href":"https:\/\/peques.co.uk\/es\/wp-json\/wp\/v2\/pages"}],"about":[{"href":"https:\/\/peques.co.uk\/es\/wp-json\/wp\/v2\/types\/page"}],"author":[{"embeddable":true,"href":"https:\/\/peques.co.uk\/es\/wp-json\/wp\/v2\/users\/1"}],"replies":[{"embeddable":true,"href":"https:\/\/peques.co.uk\/es\/wp-json\/wp\/v2\/comments?post=1703"}],"version-history":[{"count":28,"href":"https:\/\/peques.co.uk\/es\/wp-json\/wp\/v2\/pages\/1703\/revisions"}],"predecessor-version":[{"id":2204,"href":"https:\/\/peques.co.uk\/es\/wp-json\/wp\/v2\/pages\/1703\/revisions\/2204"}],"up":[{"embeddable":true,"href":"https:\/\/peques.co.uk\/es\/wp-json\/wp\/v2\/pages\/1700"}],"wp:attachment":[{"href":"https:\/\/peques.co.uk\/es\/wp-json\/wp\/v2\/media?parent=1703"}],"curies":[{"name":"wp","href":"https:\/\/api.w.org\/{rel}","templated":true}]}}