{"id":1960,"date":"2024-02-26T05:14:10","date_gmt":"2024-02-26T04:14:10","guid":{"rendered":"https:\/\/peques.co.uk\/nuestro-impacto-social\/"},"modified":"2024-02-28T21:13:55","modified_gmt":"2024-02-28T20:13:55","slug":"nuestro-impacto-social","status":"publish","type":"page","link":"https:\/\/peques.co.uk\/es\/nuestro-impacto-social\/","title":{"rendered":"Nuestro impacto social"},"content":{"rendered":"<p>[vc_row css_animation=\u00bb\u00bb row_type=\u00bbrow\u00bb use_row_as_full_screen_section=\u00bbno\u00bb type=\u00bbfull_width\u00bb angled_section=\u00bbno\u00bb text_align=\u00bbleft\u00bb background_image_as_pattern=\u00bbwithout_pattern\u00bb][vc_column][vc_empty_space][vc_column_text]<\/p>\n<h2 style=\"text-align: center;\">\u00a1Guarder\u00eda con Prop\u00f3sito!<\/h2>\n<p>[\/vc_column_text][vc_empty_space][\/vc_column][\/vc_row][vc_row css_animation=\u00bb\u00bb row_type=\u00bbrow\u00bb use_row_as_full_screen_section=\u00bbno\u00bb type=\u00bbgrid\u00bb angled_section=\u00bbno\u00bb text_align=\u00bbleft\u00bb background_image_as_pattern=\u00bbwithout_pattern\u00bb z_index=\u00bb\u00bb][vc_column][qode_elements_holder number_of_columns=\u00bbtwo_columns\u00bb][qode_elements_holder_item vertical_alignment=\u00bbmiddle\u00bb advanced_animations=\u00bbno\u00bb][vc_empty_space][vc_column_text css=\u00bb.vc_custom_1708968770709{padding-right: 20px !important;}\u00bb]En Peques no solo brindamos atenci\u00f3n amorosa y educaci\u00f3n de calidad, sino que tambi\u00e9n estamos comprometidos con una causa mayor.<\/p>\n<p>Creemos en la igualdad de acceso a un entorno seguro y estimulante para todos los ni\u00f1os, independientemente de su origen socioecon\u00f3mico.<\/p>\n<p>Es por eso que tenemos una campa\u00f1a de donaci\u00f3n \u00fanica. Cada donaci\u00f3n recibida se destinar\u00e1 directamente a una iniciativa de apoyo legal para padres afectados por la injusticia en las c\u00e1rceles de Bolivia.<\/p>\n<p>\u00a1\u00danete a nosotros en esta causa y se parte de un cambio positivo en nuestra lucha por la justicia!.[\/vc_column_text][\/qode_elements_holder_item][qode_elements_holder_item vertical_alignment=\u00bbmiddle\u00bb advanced_animations=\u00bbno\u00bb][vc_empty_space][vc_single_image image=\u00bb1939&#8243; img_size=\u00bbfull\u00bb alignment=\u00bbcenter\u00bb qode_css_animation=\u00bb\u00bb][\/qode_elements_holder_item][\/qode_elements_holder][vc_empty_space][\/vc_column][\/vc_row][vc_row css_animation=\u00bb\u00bb row_type=\u00bbrow\u00bb use_row_as_full_screen_section=\u00bbno\u00bb type=\u00bbgrid\u00bb angled_section=\u00bbno\u00bb text_align=\u00bbleft\u00bb background_image_as_pattern=\u00bbwithout_pattern\u00bb z_index=\u00bb\u00bb background_image=\u00bb1945&#8243; padding_top=\u00bb100&#8243; padding_bottom=\u00bb100&#8243;][vc_column css=\u00bb.vc_custom_1708921876321{padding-top: 35px !important;padding-right: 35px !important;padding-bottom: 35px !important;padding-left: 35px !important;background-color: rgba(255,255,255,0.91) !important;*background-color: rgb(255,255,255) !important;}\u00bb][vc_column_text]<\/p>\n<h2 style=\"text-align: center;\">El Impacto de una Defensa Legal Adecuada<\/h2>\n<p>[\/vc_column_text][vc_separator type=\u00bbsmall\u00bb position=\u00bbcenter\u00bb thickness=\u00bb5&#8243; up=\u00bb25&#8243; down=\u00bb25&#8243;][vc_row_inner row_type=\u00bbrow\u00bb type=\u00bbfull_width\u00bb text_align=\u00bbleft\u00bb css_animation=\u00bb\u00bb][vc_column_inner width=\u00bb1\/2&#8243;][vc_column_text]Imagina el caso de una joven condenada a 30 a\u00f1os de prisi\u00f3n por quitarle la vida a su padre, quien la hab\u00eda sometido a a\u00f1os de abuso. Sin representaci\u00f3n legal, y con su hijo \/a viviendo en la c\u00e1rcel. \u00bfEs esto justo? En Peques, estamos comprometidos a marcar una diferencia real en la vida de estas personas y sobre todo de los ni\u00f1os y ni\u00f1as.[\/vc_column_text][\/vc_column_inner][vc_column_inner width=\u00bb1\/2&#8243;][vc_column_text]Gracias a las generosas contribuciones de nuestras familias de Peques y otras empresas afines, podremos establecer una oficina, cubrir servicios y garantizar un asesoramiento legal sostenible. Cada donaci\u00f3n, por peque\u00f1a que sea, marca una diferencia real.[\/vc_column_text][\/vc_column_inner][\/vc_row_inner][\/vc_column][\/vc_row][vc_row css_animation=\u00bb\u00bb row_type=\u00bbrow\u00bb use_row_as_full_screen_section=\u00bbno\u00bb type=\u00bbfull_width\u00bb angled_section=\u00bbno\u00bb text_align=\u00bbleft\u00bb background_image_as_pattern=\u00bbwithout_pattern\u00bb][vc_column][vc_empty_space height=\u00bb30px\u00bb][\/vc_column][\/vc_row][vc_row css_animation=\u00bb\u00bb row_type=\u00bbrow\u00bb use_row_as_full_screen_section=\u00bbno\u00bb type=\u00bbgrid\u00bb angled_section=\u00bbno\u00bb text_align=\u00bbleft\u00bb background_image_as_pattern=\u00bbwithout_pattern\u00bb z_index=\u00bb\u00bb][vc_column width=\u00bb1\/2&#8243;][vc_column_text]<\/p>\n<h4>Mi nombre es Margarita Morro Beltran, propietaria y fundadora de \u201cPeques Anglo-Spanish Nursery Schools\u00bb.<\/h4>\n<p>[\/vc_column_text][vc_separator type=\u00bbsmall\u00bb position=\u00bbleft\u00bb thickness=\u00bb5&#8243; up=\u00bb25&#8243; down=\u00bb25&#8243;][vc_column_text]Soy terapeuta transformacional y he dedicado casi 2 a\u00f1os de mi vida a trabajar con personas que han enfrentado condenas sin un proceso legal justo. Mi especialidad es abordar las necesidades psicol\u00f3gicas y emocionales de estas personas, as\u00ed como evaluar su capacidad para reintegrarse en la sociedad tras obtener su libertad. Pero, sin una representaci\u00f3n legal adecuada, \u00bfC\u00f3mo pueden estas personas tener una oportunidad justa?[\/vc_column_text][\/vc_column][vc_column width=\u00bb1\/2&#8243; css=\u00bb.vc_custom_1708922628304{padding-top: 35px !important;padding-right: 35px !important;padding-bottom: 35px !important;padding-left: 35px !important;background-color: rgba(247,215,180,0.76) !important;*background-color: rgb(247,215,180) !important;}\u00bb][vc_column_text]<\/p>\n<h5 style=\"text-align: center;\">Tu contribuci\u00f3n, por peque\u00f1a que sea, marca la diferencia.<\/h5>\n<p>[\/vc_column_text][vc_column_text]<\/p>\n<p style=\"text-align: center;\"><em><img loading=\"lazy\" decoding=\"async\" class=\"size-full wp-image-1949 aligncenter\" src=\"https:\/\/peques.co.uk\/wp-content\/uploads\/2024\/02\/Diseno-sin-titulo-47.png\" alt=\"\" width=\"100\" height=\"100\" \/><\/em><\/p>\n<p style=\"text-align: center;\"><em>\u201cAl unirnos en apoyo a la Comunidad, fortalecemos el tejido social y construimos un futuro en el que todos prosperamos juntos\u201d<\/em><\/p>\n<p style=\"text-align: center;\"><em>Construyamos juntos Comunidades sin barreras<\/em><\/p>\n<p style=\"text-align: center;\">Margarita Morro<\/p>\n<p>[\/vc_column_text][\/vc_column][\/vc_row][vc_row css_animation=\u00bb\u00bb row_type=\u00bbrow\u00bb use_row_as_full_screen_section=\u00bbno\u00bb type=\u00bbgrid\u00bb angled_section=\u00bbno\u00bb text_align=\u00bbleft\u00bb background_image_as_pattern=\u00bbwithout_pattern\u00bb z_index=\u00bb\u00bb][vc_column][vc_empty_space][vc_column_text]<\/p>\n<h2 style=\"text-align: center;\">Ahora te invito a ver este video donde podr\u00e1s observar m\u00e1s a fondo esta realidad.<\/h2>\n<p>[\/vc_column_text][vc_empty_space][vc_video link=\u00bbhttps:\/\/youtu.be\/wvap_pBIDCk\u00bb el_width=\u00bb70&#8243; align=\u00bbcenter\u00bb][vc_empty_space][\/vc_column][\/vc_row][vc_row css_animation=\u00bb\u00bb row_type=\u00bbrow\u00bb use_row_as_full_screen_section=\u00bbno\u00bb type=\u00bbgrid\u00bb angled_section=\u00bbno\u00bb text_align=\u00bbleft\u00bb background_image_as_pattern=\u00bbwithout_pattern\u00bb z_index=\u00bb\u00bb][vc_column][vc_column_text]<\/p>\n<h4 style=\"text-align: center;\">Si quieres unirte a esta causa y lograr justicia para estas familias.<\/h4>\n<p>[\/vc_column_text][vc_empty_space][qode_elements_holder number_of_columns=\u00bbone_column\u00bb alignment_one_column=\u00bbcenter\u00bb][qode_elements_holder_item vertical_alignment=\u00bbmiddle\u00bb horizontal_alignment=\u00bbcenter\u00bb advanced_animations=\u00bbno\u00bb]<a  itemprop=\"url\" href=\"https:\/\/gofund.me\/8b990e12\" target=\"_blank\"  class=\"qbutton  center default\" style=\"\">\u00a1 Contribuye ahora y marca la diferencia !<\/a>[\/qode_elements_holder_item][\/qode_elements_holder][vc_empty_space][\/vc_column][\/vc_row]<\/p>\n","protected":false},"excerpt":{"rendered":"<p>[vc_row css_animation=\u00bb\u00bb row_type=\u00bbrow\u00bb use_row_as_full_screen_section=\u00bbno\u00bb type=\u00bbfull_width\u00bb angled_section=\u00bbno\u00bb text_align=\u00bbleft\u00bb background_image_as_pattern=\u00bbwithout_pattern\u00bb][vc_column][vc_empty_space][vc_column_text] \u00a1Guarder\u00eda con Prop\u00f3sito! [\/vc_column_text][vc_empty_space][\/vc_column][\/vc_row][vc_row css_animation=\u00bb\u00bb row_type=\u00bbrow\u00bb use_row_as_full_screen_section=\u00bbno\u00bb type=\u00bbgrid\u00bb angled_section=\u00bbno\u00bb text_align=\u00bbleft\u00bb background_image_as_pattern=\u00bbwithout_pattern\u00bb z_index=\u00bb\u00bb][vc_column][qode_elements_holder number_of_columns=\u00bbtwo_columns\u00bb][qode_elements_holder_item vertical_alignment=\u00bbmiddle\u00bb advanced_animations=\u00bbno\u00bb][vc_empty_space][vc_column_text css=\u00bb.vc_custom_1708968770709{padding-right: 20px !important;}\u00bb]En Peques no solo brindamos atenci\u00f3n amorosa y educaci\u00f3n de calidad, sino que tambi\u00e9n estamos comprometidos con una causa mayor&#8230;.<\/p>\n","protected":false},"author":3,"featured_media":0,"parent":0,"menu_order":0,"comment_status":"closed","ping_status":"closed","template":"full_width.php","meta":{"footnotes":""},"class_list":["post-1960","page","type-page","status-publish","hentry"],"_links":{"self":[{"href":"https:\/\/peques.co.uk\/es\/wp-json\/wp\/v2\/pages\/1960","targetHints":{"allow":["GET"]}}],"collection":[{"href":"https:\/\/peques.co.uk\/es\/wp-json\/wp\/v2\/pages"}],"about":[{"href":"https:\/\/peques.co.uk\/es\/wp-json\/wp\/v2\/types\/page"}],"author":[{"embeddable":true,"href":"https:\/\/peques.co.uk\/es\/wp-json\/wp\/v2\/users\/3"}],"replies":[{"embeddable":true,"href":"https:\/\/peques.co.uk\/es\/wp-json\/wp\/v2\/comments?post=1960"}],"version-history":[{"count":4,"href":"https:\/\/peques.co.uk\/es\/wp-json\/wp\/v2\/pages\/1960\/revisions"}],"predecessor-version":[{"id":1967,"href":"https:\/\/peques.co.uk\/es\/wp-json\/wp\/v2\/pages\/1960\/revisions\/1967"}],"wp:attachment":[{"href":"https:\/\/peques.co.uk\/es\/wp-json\/wp\/v2\/media?parent=1960"}],"curies":[{"name":"wp","href":"https:\/\/api.w.org\/{rel}","templated":true}]}}